{"id":10256,"date":"2025-08-05T02:00:24","date_gmt":"2025-08-04T23:00:24","guid":{"rendered":"https:\/\/prusaweb.net\/?post_type=product&#038;p=10256"},"modified":"2025-08-31T17:04:25","modified_gmt":"2025-08-31T14:04:25","slug":"emlak-e-ticaret-paketi","status":"publish","type":"product","link":"https:\/\/prusaweb.net\/index.php\/urun\/emlak-e-ticaret-paketi\/","title":{"rendered":"Emlak E-Ticaret Paketi"},"content":{"rendered":"<ul>\n<li><strong>A\u00e7\u0131klama:<\/strong> Emlak firmalar\u0131n\u0131n m\u00fclklerini online olarak tan\u0131tabilece\u011fi ve potansiyel al\u0131c\u0131lara ula\u015ft\u0131rabilece\u011fi bir platform.<\/li>\n<li><strong>\u00d6zellikler:<\/strong>\n<ul>\n<li>Gayrimenkul listeleme mod\u00fcl\u00fc<\/li>\n<li>Harita \u00fczerinde lokasyon g\u00f6sterimi<\/li>\n<li>\u0130leti\u015fim formu ve online randevu alma<\/li>\n<li>M\u00fclk kar\u015f\u0131la\u015ft\u0131rma \u00f6zelli\u011fi<\/li>\n<li>SEO optimizasyonu<\/li>\n<\/ul>\n<\/li>\n<\/ul>\n","protected":false},"excerpt":{"rendered":"<p>A\u00e7\u0131klama: Emlak firmalar\u0131n\u0131n m\u00fclklerini online olarak tan\u0131tabilece\u011fi ve potansiyel al\u0131c\u0131lara ula\u015ft\u0131rabilece\u011fi bir platform. \u00d6zellikler: Gayrimenkul listeleme mod\u00fcl\u00fc Harita \u00fczerinde lokasyon<\/p>\n","protected":false},"featured_media":10513,"template":"","meta":[],"product_brand":[91],"product_cat":[38,23],"product_tag":[97,96],"class_list":{"0":"post-10256","1":"product","2":"type-product","3":"status-publish","4":"has-post-thumbnail","6":"product_brand-prusaweb","7":"product_cat-e-ticaret-web","8":"product_cat-web-tasarim","9":"product_tag-emlak-web-sayfasi","10":"product_tag-emlak-web-sitesi","12":"first","13":"instock","14":"taxable","15":"shipping-taxable","16":"purchasable","17":"product-type-simple"},"_links":{"self":[{"href":"https:\/\/prusaweb.net\/index.php\/wp-json\/wp\/v2\/product\/10256","targetHints":{"allow":["GET"]}}],"collection":[{"href":"https:\/\/prusaweb.net\/index.php\/wp-json\/wp\/v2\/product"}],"about":[{"href":"https:\/\/prusaweb.net\/index.php\/wp-json\/wp\/v2\/types\/product"}],"version-history":[{"count":1,"href":"https:\/\/prusaweb.net\/index.php\/wp-json\/wp\/v2\/product\/10256\/revisions"}],"predecessor-version":[{"id":10257,"href":"https:\/\/prusaweb.net\/index.php\/wp-json\/wp\/v2\/product\/10256\/revisions\/10257"}],"wp:featuredmedia":[{"embeddable":true,"href":"https:\/\/prusaweb.net\/index.php\/wp-json\/wp\/v2\/media\/10513"}],"wp:attachment":[{"href":"https:\/\/prusaweb.net\/index.php\/wp-json\/wp\/v2\/media?parent=10256"}],"wp:term":[{"taxonomy":"product_brand","embeddable":true,"href":"https:\/\/prusaweb.net\/index.php\/wp-json\/wp\/v2\/product_brand?post=10256"},{"taxonomy":"product_cat","embeddable":true,"href":"https:\/\/prusaweb.net\/index.php\/wp-json\/wp\/v2\/product_cat?post=10256"},{"taxonomy":"product_tag","embeddable":true,"href":"https:\/\/prusaweb.net\/index.php\/wp-json\/wp\/v2\/product_tag?post=10256"}],"curies":[{"name":"wp","href":"https:\/\/api.w.org\/{rel}","templated":true}]}}