{"id":10258,"date":"2025-08-05T02:11:20","date_gmt":"2025-08-04T23:11:20","guid":{"rendered":"https:\/\/prusaweb.net\/?post_type=product&#038;p=10258"},"modified":"2025-08-31T17:08:21","modified_gmt":"2025-08-31T14:08:21","slug":"oto-e-ticaret-paketi","status":"publish","type":"product","link":"https:\/\/prusaweb.net\/index.php\/urun\/oto-e-ticaret-paketi\/","title":{"rendered":"Oto E-Ticaret Paketi"},"content":{"rendered":"<ul>\n<li><strong>A\u00e7\u0131klama:<\/strong> Otomotiv sekt\u00f6r\u00fcndeki firmalar i\u00e7in online sat\u0131\u015f platformu. Ara\u00e7, yedek par\u00e7a ve aksesuar sat\u0131\u015f\u0131 i\u00e7in idealdir.<\/li>\n<li><strong>\u00d6zellikler:<\/strong>\n<ul>\n<li>\u00dcr\u00fcn kategorileri (yeni\/ikinci el ara\u00e7lar, yedek par\u00e7alar)<\/li>\n<li>Geli\u015fmi\u015f filtreleme se\u00e7enekleri<\/li>\n<li>Sepet ve \u00f6deme i\u015flemleri<\/li>\n<li>Stok durumu bildirimleri<\/li>\n<li>M\u00fc\u015fteri hesab\u0131 y\u00f6netimi<\/li>\n<\/ul>\n<\/li>\n<\/ul>\n","protected":false},"excerpt":{"rendered":"<p>A\u00e7\u0131klama: Otomotiv sekt\u00f6r\u00fcndeki firmalar i\u00e7in online sat\u0131\u015f platformu. Ara\u00e7, yedek par\u00e7a ve aksesuar sat\u0131\u015f\u0131 i\u00e7in idealdir. \u00d6zellikler: \u00dcr\u00fcn kategorileri (yeni\/ikinci<\/p>\n","protected":false},"featured_media":10529,"template":"","meta":[],"product_brand":[91],"product_cat":[38,23],"product_tag":[98,100,99],"class_list":{"0":"post-10258","1":"product","2":"type-product","3":"status-publish","4":"has-post-thumbnail","6":"product_brand-prusaweb","7":"product_cat-e-ticaret-web","8":"product_cat-web-tasarim","9":"product_tag-oto-satis-sitesi","10":"product_tag-otomobil-satis-web-sitesi","11":"product_tag-otomobil-satisi","13":"first","14":"instock","15":"taxable","16":"shipping-taxable","17":"purchasable","18":"product-type-simple"},"_links":{"self":[{"href":"https:\/\/prusaweb.net\/index.php\/wp-json\/wp\/v2\/product\/10258","targetHints":{"allow":["GET"]}}],"collection":[{"href":"https:\/\/prusaweb.net\/index.php\/wp-json\/wp\/v2\/product"}],"about":[{"href":"https:\/\/prusaweb.net\/index.php\/wp-json\/wp\/v2\/types\/product"}],"version-history":[{"count":2,"href":"https:\/\/prusaweb.net\/index.php\/wp-json\/wp\/v2\/product\/10258\/revisions"}],"predecessor-version":[{"id":10260,"href":"https:\/\/prusaweb.net\/index.php\/wp-json\/wp\/v2\/product\/10258\/revisions\/10260"}],"wp:featuredmedia":[{"embeddable":true,"href":"https:\/\/prusaweb.net\/index.php\/wp-json\/wp\/v2\/media\/10529"}],"wp:attachment":[{"href":"https:\/\/prusaweb.net\/index.php\/wp-json\/wp\/v2\/media?parent=10258"}],"wp:term":[{"taxonomy":"product_brand","embeddable":true,"href":"https:\/\/prusaweb.net\/index.php\/wp-json\/wp\/v2\/product_brand?post=10258"},{"taxonomy":"product_cat","embeddable":true,"href":"https:\/\/prusaweb.net\/index.php\/wp-json\/wp\/v2\/product_cat?post=10258"},{"taxonomy":"product_tag","embeddable":true,"href":"https:\/\/prusaweb.net\/index.php\/wp-json\/wp\/v2\/product_tag?post=10258"}],"curies":[{"name":"wp","href":"https:\/\/api.w.org\/{rel}","templated":true}]}}