{"id":10261,"date":"2025-08-05T02:18:13","date_gmt":"2025-08-04T23:18:13","guid":{"rendered":"https:\/\/prusaweb.net\/?post_type=product&#038;p=10261"},"modified":"2025-08-31T17:09:02","modified_gmt":"2025-08-31T14:09:02","slug":"mobilya-e-ticaret-paketi","status":"publish","type":"product","link":"https:\/\/prusaweb.net\/index.php\/urun\/mobilya-e-ticaret-paketi\/","title":{"rendered":"Mobilya E-Ticaret Paketi"},"content":{"rendered":"<ul>\n<li><strong>A\u00e7\u0131klama:<\/strong> Mobilya sat\u0131\u015f\u0131n\u0131 destekleyen bir e-ticaret \u00e7\u00f6z\u00fcm\u00fc. Farkl\u0131 \u00fcr\u00fcn kategorileri ve stil se\u00e7enekleri sunar.<\/li>\n<li><strong>\u00d6zellikler:<\/strong>\n<ul>\n<li>\u00dcr\u00fcn galerisi ve 360 derece g\u00f6r\u00fcn\u00fcm<\/li>\n<li>\u00dcr\u00fcn yorumlar\u0131 ve puanlama sistemi<\/li>\n<li>Ki\u015fiye \u00f6zel tasar\u0131m se\u00e7enekleri<\/li>\n<li>Sepet y\u00f6netimi<\/li>\n<li>Online \u00f6deme ve faturalama<\/li>\n<\/ul>\n<\/li>\n<\/ul>\n","protected":false},"excerpt":{"rendered":"<p>A\u00e7\u0131klama: Mobilya sat\u0131\u015f\u0131n\u0131 destekleyen bir e-ticaret \u00e7\u00f6z\u00fcm\u00fc. Farkl\u0131 \u00fcr\u00fcn kategorileri ve stil se\u00e7enekleri sunar. \u00d6zellikler: \u00dcr\u00fcn galerisi ve 360 derece<\/p>\n","protected":false},"featured_media":10517,"template":"","meta":[],"product_brand":[91],"product_cat":[38,23],"product_tag":[103,101,102],"class_list":{"0":"post-10261","1":"product","2":"type-product","3":"status-publish","4":"has-post-thumbnail","6":"product_brand-prusaweb","7":"product_cat-e-ticaret-web","8":"product_cat-web-tasarim","9":"product_tag-mobilya-web-sayfasi","10":"product_tag-mobilya-web-sitesi","11":"product_tag-mobilya-web-tasarimi","13":"first","14":"instock","15":"taxable","16":"shipping-taxable","17":"purchasable","18":"product-type-simple"},"_links":{"self":[{"href":"https:\/\/prusaweb.net\/index.php\/wp-json\/wp\/v2\/product\/10261","targetHints":{"allow":["GET"]}}],"collection":[{"href":"https:\/\/prusaweb.net\/index.php\/wp-json\/wp\/v2\/product"}],"about":[{"href":"https:\/\/prusaweb.net\/index.php\/wp-json\/wp\/v2\/types\/product"}],"version-history":[{"count":1,"href":"https:\/\/prusaweb.net\/index.php\/wp-json\/wp\/v2\/product\/10261\/revisions"}],"predecessor-version":[{"id":10262,"href":"https:\/\/prusaweb.net\/index.php\/wp-json\/wp\/v2\/product\/10261\/revisions\/10262"}],"wp:featuredmedia":[{"embeddable":true,"href":"https:\/\/prusaweb.net\/index.php\/wp-json\/wp\/v2\/media\/10517"}],"wp:attachment":[{"href":"https:\/\/prusaweb.net\/index.php\/wp-json\/wp\/v2\/media?parent=10261"}],"wp:term":[{"taxonomy":"product_brand","embeddable":true,"href":"https:\/\/prusaweb.net\/index.php\/wp-json\/wp\/v2\/product_brand?post=10261"},{"taxonomy":"product_cat","embeddable":true,"href":"https:\/\/prusaweb.net\/index.php\/wp-json\/wp\/v2\/product_cat?post=10261"},{"taxonomy":"product_tag","embeddable":true,"href":"https:\/\/prusaweb.net\/index.php\/wp-json\/wp\/v2\/product_tag?post=10261"}],"curies":[{"name":"wp","href":"https:\/\/api.w.org\/{rel}","templated":true}]}}