{"id":10466,"date":"2025-08-19T13:03:40","date_gmt":"2025-08-19T10:03:40","guid":{"rendered":"https:\/\/prusaweb.net\/?post_type=product&#038;p=10466"},"modified":"2025-08-31T21:28:05","modified_gmt":"2025-08-31T18:28:05","slug":"mobil-uygulama-paketi-kurumsal","status":"publish","type":"product","link":"https:\/\/prusaweb.net\/index.php\/urun\/mobil-uygulama-paketi-kurumsal\/","title":{"rendered":"Mobil Uygulama Paketi Kurumsal"},"content":{"rendered":"<h3 data-start=\"107\" data-end=\"157\">\ud83d\udcf1 Prusaweb Mobil Uygulama Paketi \u2013 Kurumsal<\/h3>\n<p data-start=\"159\" data-end=\"419\">Prusaweb Mobil Uygulama Paketi \u2013 Kurumsal, i\u015fletmelerin m\u00fc\u015fterilerine her zaman ve her yerde ula\u015fabilmesi i\u00e7in \u00f6zel olarak geli\u015ftirilmi\u015ftir. Android ve iOS uyumlu profesyonel uygulama yap\u0131s\u0131yla markan\u0131z\u0131 mobil d\u00fcnyaya ta\u015f\u0131y\u0131n, kurumsal imaj\u0131n\u0131z\u0131 g\u00fc\u00e7lendirin.<\/p>\n<p data-start=\"421\" data-end=\"450\">\u2728 <strong data-start=\"423\" data-end=\"448\">\u00d6ne \u00c7\u0131kan \u00d6zellikler:<\/strong><\/p>\n<ul data-start=\"451\" data-end=\"780\">\n<li data-start=\"451\" data-end=\"490\">\n<p data-start=\"453\" data-end=\"490\">Android &amp; iOS uyumlu mobil uygulama<\/p>\n<\/li>\n<li data-start=\"491\" data-end=\"536\">\n<p data-start=\"493\" data-end=\"536\">Modern ve kullan\u0131c\u0131 dostu aray\u00fcz tasar\u0131m\u0131<\/p>\n<\/li>\n<li data-start=\"537\" data-end=\"587\">\n<p data-start=\"539\" data-end=\"587\">Bildirim g\u00f6nderme (push notification) \u00f6zelli\u011fi<\/p>\n<\/li>\n<li data-start=\"588\" data-end=\"636\">\n<p data-start=\"590\" data-end=\"636\">\u00dcr\u00fcn, hizmet ve i\u00e7erik y\u00f6netimi entegrasyonu<\/p>\n<\/li>\n<li data-start=\"637\" data-end=\"676\">\n<p data-start=\"639\" data-end=\"676\">G\u00fcvenli altyap\u0131 ve h\u0131zl\u0131 performans<\/p>\n<\/li>\n<li data-start=\"677\" data-end=\"716\">\n<p data-start=\"679\" data-end=\"716\">Kurumsal kimli\u011fe uygun \u00f6zel tasar\u0131m<\/p>\n<\/li>\n<li data-start=\"717\" data-end=\"738\">\n<p data-start=\"719\" data-end=\"738\">\u00c7oklu dil deste\u011fi<\/p>\n<\/li>\n<li data-start=\"739\" data-end=\"780\">\n<p data-start=\"741\" data-end=\"780\">\u00dccretsiz dan\u0131\u015fmanl\u0131k ve teknik destek<\/p>\n<\/li>\n<\/ul>\n<p data-start=\"782\" data-end=\"809\">\ud83d\udcbc <strong data-start=\"785\" data-end=\"807\">Kimler i\u00e7in uygun?<\/strong><\/p>\n<ul data-start=\"810\" data-end=\"1024\">\n<li data-start=\"810\" data-end=\"843\">\n<p data-start=\"812\" data-end=\"843\">Kurumsal firmalar ve markalar<\/p>\n<\/li>\n<li data-start=\"844\" data-end=\"917\">\n<p data-start=\"846\" data-end=\"917\">Hizmetlerini ve \u00fcr\u00fcnlerini mobil platformda sunmak isteyen i\u015fletmeler<\/p>\n<\/li>\n<li data-start=\"918\" data-end=\"969\">\n<p data-start=\"920\" data-end=\"969\">M\u00fc\u015fteri etkile\u015fimini art\u0131rmak isteyen \u015firketler<\/p>\n<\/li>\n<li data-start=\"970\" data-end=\"1024\">\n<p data-start=\"972\" data-end=\"1024\">Dijitalde prestijini g\u00fc\u00e7lendirmek isteyen kurumlar<\/p>\n<\/li>\n<\/ul>\n<p data-start=\"1026\" data-end=\"1176\">Prusaweb Mobil Uygulama Paketi \u2013 Kurumsal ile markan\u0131z her zaman m\u00fc\u015fterilerinizin cebinde olacak, kurumsal g\u00fcc\u00fcn\u00fcz\u00fc dijital d\u00fcnyada yans\u0131tacaks\u0131n\u0131z.<\/p>\n","protected":false},"excerpt":{"rendered":"<p>\ud83d\udcf1 Prusaweb Mobil Uygulama Paketi \u2013 Kurumsal Prusaweb Mobil Uygulama Paketi \u2013 Kurumsal, i\u015fletmelerin m\u00fc\u015fterilerine her zaman ve her yerde<\/p>\n","protected":false},"featured_media":10551,"template":"","meta":[],"product_brand":[91],"product_cat":[38,23],"product_tag":[180,181,179,183,182],"class_list":{"0":"post-10466","1":"product","2":"type-product","3":"status-publish","4":"has-post-thumbnail","6":"product_brand-prusaweb","7":"product_cat-e-ticaret-web","8":"product_cat-web-tasarim","9":"product_tag-mobil-app","10":"product_tag-mobil-application","11":"product_tag-mobil-uygulama","12":"product_tag-mobil-uygulama-yaptirma","13":"product_tag-uygulama-yaptirma","15":"first","16":"instock","17":"taxable","18":"shipping-taxable","19":"purchasable","20":"product-type-simple"},"_links":{"self":[{"href":"https:\/\/prusaweb.net\/index.php\/wp-json\/wp\/v2\/product\/10466","targetHints":{"allow":["GET"]}}],"collection":[{"href":"https:\/\/prusaweb.net\/index.php\/wp-json\/wp\/v2\/product"}],"about":[{"href":"https:\/\/prusaweb.net\/index.php\/wp-json\/wp\/v2\/types\/product"}],"version-history":[{"count":2,"href":"https:\/\/prusaweb.net\/index.php\/wp-json\/wp\/v2\/product\/10466\/revisions"}],"predecessor-version":[{"id":10469,"href":"https:\/\/prusaweb.net\/index.php\/wp-json\/wp\/v2\/product\/10466\/revisions\/10469"}],"wp:featuredmedia":[{"embeddable":true,"href":"https:\/\/prusaweb.net\/index.php\/wp-json\/wp\/v2\/media\/10551"}],"wp:attachment":[{"href":"https:\/\/prusaweb.net\/index.php\/wp-json\/wp\/v2\/media?parent=10466"}],"wp:term":[{"taxonomy":"product_brand","embeddable":true,"href":"https:\/\/prusaweb.net\/index.php\/wp-json\/wp\/v2\/product_brand?post=10466"},{"taxonomy":"product_cat","embeddable":true,"href":"https:\/\/prusaweb.net\/index.php\/wp-json\/wp\/v2\/product_cat?post=10466"},{"taxonomy":"product_tag","embeddable":true,"href":"https:\/\/prusaweb.net\/index.php\/wp-json\/wp\/v2\/product_tag?post=10466"}],"curies":[{"name":"wp","href":"https:\/\/api.w.org\/{rel}","templated":true}]}}