{"id":10477,"date":"2025-08-19T13:44:18","date_gmt":"2025-08-19T10:44:18","guid":{"rendered":"https:\/\/prusaweb.net\/?post_type=product&#038;p=10477"},"modified":"2025-08-19T13:44:18","modified_gmt":"2025-08-19T10:44:18","slug":"uzman-seo-paketi","status":"publish","type":"product","link":"https:\/\/prusaweb.net\/index.php\/urun\/uzman-seo-paketi\/","title":{"rendered":"Uzman SEO Paketi"},"content":{"rendered":"<h2 data-start=\"1333\" data-end=\"1369\">\ud83d\udd39 3. Prusaweb Uzman SEO Paketi<\/h2>\n<p data-start=\"1370\" data-end=\"1527\">Daha yo\u011fun rekabetin oldu\u011fu pazarlarda \u00f6ne \u00e7\u0131kmak isteyen i\u015fletmeler i\u00e7in kapsaml\u0131 SEO stratejileri sunar. Sitenizin otoritesini g\u00fc\u00e7lendirir.<br data-start=\"1511\" data-end=\"1514\" \/><strong data-start=\"1514\" data-end=\"1525\">\u0130\u00e7erik:<\/strong><\/p>\n<ul data-start=\"1528\" data-end=\"1753\">\n<li data-start=\"1528\" data-end=\"1553\">\n<p data-start=\"1530\" data-end=\"1553\">Geli\u015fmi\u015f SEO Paketi +<\/p>\n<\/li>\n<li data-start=\"1554\" data-end=\"1585\">\n<p data-start=\"1556\" data-end=\"1585\">Derinlemesine rakip analizi<\/p>\n<\/li>\n<li data-start=\"1586\" data-end=\"1627\">\n<p data-start=\"1588\" data-end=\"1627\">\u0130\u00e7erik planlama ve blog optimizasyonu<\/p>\n<\/li>\n<li data-start=\"1628\" data-end=\"1660\">\n<p data-start=\"1630\" data-end=\"1660\">Geli\u015fmi\u015f backlink stratejisi<\/p>\n<\/li>\n<li data-start=\"1661\" data-end=\"1713\">\n<p data-start=\"1663\" data-end=\"1713\">Kullan\u0131c\u0131 deneyimi (UX) ve d\u00f6n\u00fc\u015f\u00fcm optimizasyonu<\/p>\n<\/li>\n<li data-start=\"1714\" data-end=\"1753\">\n<p data-start=\"1716\" data-end=\"1753\">Ayl\u0131k SEO dan\u0131\u015fmanl\u0131\u011f\u0131 ve raporlama<\/p>\n<\/li>\n<\/ul>\n","protected":false},"excerpt":{"rendered":"<p>\ud83d\udd39 3. Prusaweb Uzman SEO Paketi Daha yo\u011fun rekabetin oldu\u011fu pazarlarda \u00f6ne \u00e7\u0131kmak isteyen i\u015fletmeler i\u00e7in kapsaml\u0131 SEO stratejileri sunar.<\/p>\n","protected":false},"featured_media":10175,"template":"","meta":[],"product_brand":[91],"product_cat":[33],"product_tag":[185,188,190,186,191,192],"class_list":{"0":"post-10477","1":"product","2":"type-product","3":"status-publish","4":"has-post-thumbnail","6":"product_brand-prusaweb","7":"product_cat-seo-paketleri","8":"product_tag-seo","9":"product_tag-seo-optimizasyonlari","10":"product_tag-seo-paketi","11":"product_tag-seo-paketleri","12":"product_tag-uzman-seo","13":"product_tag-uzman-seo-paketi","15":"first","16":"instock","17":"taxable","18":"shipping-taxable","19":"purchasable","20":"product-type-simple"},"_links":{"self":[{"href":"https:\/\/prusaweb.net\/index.php\/wp-json\/wp\/v2\/product\/10477","targetHints":{"allow":["GET"]}}],"collection":[{"href":"https:\/\/prusaweb.net\/index.php\/wp-json\/wp\/v2\/product"}],"about":[{"href":"https:\/\/prusaweb.net\/index.php\/wp-json\/wp\/v2\/types\/product"}],"version-history":[{"count":1,"href":"https:\/\/prusaweb.net\/index.php\/wp-json\/wp\/v2\/product\/10477\/revisions"}],"predecessor-version":[{"id":10478,"href":"https:\/\/prusaweb.net\/index.php\/wp-json\/wp\/v2\/product\/10477\/revisions\/10478"}],"wp:featuredmedia":[{"embeddable":true,"href":"https:\/\/prusaweb.net\/index.php\/wp-json\/wp\/v2\/media\/10175"}],"wp:attachment":[{"href":"https:\/\/prusaweb.net\/index.php\/wp-json\/wp\/v2\/media?parent=10477"}],"wp:term":[{"taxonomy":"product_brand","embeddable":true,"href":"https:\/\/prusaweb.net\/index.php\/wp-json\/wp\/v2\/product_brand?post=10477"},{"taxonomy":"product_cat","embeddable":true,"href":"https:\/\/prusaweb.net\/index.php\/wp-json\/wp\/v2\/product_cat?post=10477"},{"taxonomy":"product_tag","embeddable":true,"href":"https:\/\/prusaweb.net\/index.php\/wp-json\/wp\/v2\/product_tag?post=10477"}],"curies":[{"name":"wp","href":"https:\/\/api.w.org\/{rel}","templated":true}]}}