{"id":10484,"date":"2025-08-19T15:51:54","date_gmt":"2025-08-19T12:51:54","guid":{"rendered":"https:\/\/prusaweb.net\/?post_type=product&#038;p=10484"},"modified":"2025-08-19T15:51:55","modified_gmt":"2025-08-19T12:51:55","slug":"3-aylik-icerik-paketi","status":"publish","type":"product","link":"https:\/\/prusaweb.net\/index.php\/urun\/3-aylik-icerik-paketi\/","title":{"rendered":"3 Ayl\u0131k \u0130\u00e7erik Paketi"},"content":{"rendered":"","protected":false},"excerpt":{"rendered":"","protected":false},"featured_media":10175,"template":"","meta":[],"product_brand":[91],"product_cat":[32],"product_tag":[197,194,196],"class_list":{"0":"post-10484","1":"product","2":"type-product","3":"status-publish","4":"has-post-thumbnail","6":"product_brand-prusaweb","7":"product_cat-sosyal-medya","8":"product_tag-icerik-paketi","9":"product_tag-sosyal-medya","10":"product_tag-sosyal-medya-paketi","12":"first","13":"instock","14":"taxable","15":"shipping-taxable","16":"purchasable","17":"product-type-simple"},"_links":{"self":[{"href":"https:\/\/prusaweb.net\/index.php\/wp-json\/wp\/v2\/product\/10484","targetHints":{"allow":["GET"]}}],"collection":[{"href":"https:\/\/prusaweb.net\/index.php\/wp-json\/wp\/v2\/product"}],"about":[{"href":"https:\/\/prusaweb.net\/index.php\/wp-json\/wp\/v2\/types\/product"}],"version-history":[{"count":1,"href":"https:\/\/prusaweb.net\/index.php\/wp-json\/wp\/v2\/product\/10484\/revisions"}],"predecessor-version":[{"id":10485,"href":"https:\/\/prusaweb.net\/index.php\/wp-json\/wp\/v2\/product\/10484\/revisions\/10485"}],"wp:featuredmedia":[{"embeddable":true,"href":"https:\/\/prusaweb.net\/index.php\/wp-json\/wp\/v2\/media\/10175"}],"wp:attachment":[{"href":"https:\/\/prusaweb.net\/index.php\/wp-json\/wp\/v2\/media?parent=10484"}],"wp:term":[{"taxonomy":"product_brand","embeddable":true,"href":"https:\/\/prusaweb.net\/index.php\/wp-json\/wp\/v2\/product_brand?post=10484"},{"taxonomy":"product_cat","embeddable":true,"href":"https:\/\/prusaweb.net\/index.php\/wp-json\/wp\/v2\/product_cat?post=10484"},{"taxonomy":"product_tag","embeddable":true,"href":"https:\/\/prusaweb.net\/index.php\/wp-json\/wp\/v2\/product_tag?post=10484"}],"curies":[{"name":"wp","href":"https:\/\/api.w.org\/{rel}","templated":true}]}}